{"id":30,"date":"2024-09-11T16:41:28","date_gmt":"2024-09-11T16:41:28","guid":{"rendered":"https:\/\/inmomariuxi.com\/?page_id=30"},"modified":"2024-09-11T20:55:22","modified_gmt":"2024-09-11T20:55:22","slug":"protecciondatos","status":"publish","type":"page","link":"https:\/\/inmomariuxi.com\/?page_id=30","title":{"rendered":"Pol\u00edtica de Privacidad y Tratamiento de Datos Personales"},"content":{"rendered":"\n<p><strong>Marco de pol\u00edticas de Protecci\u00f3n de Datos<\/strong><\/p>\n\n\n\n<p>El objetivo de esta pol\u00edtica es establecer los lineamientos y directrices que INMOMARIUXI C.A., ha adoptado para garantizar el cumplimiento de la normativa de <strong>PROTECCI\u00d3N DE DATOS PERSONALES DEL ECUADOR<\/strong>, asegurando a los titulares de datos la confidencialidad, integridad y disponibilidad de sus datos personales.<\/p>\n\n\n\n<p>Para leer el documento completo de clic <a href=\"https:\/\/inmomariuxi.com\/wp-content\/uploads\/2024\/09\/IM-SGPD-LEG-PPD-Politica-Privacidad-Datos.docx.pdf\">aqu\u00ed<\/a>.<\/p>\n\n\n\n<p><\/p>\n","protected":false},"excerpt":{"rendered":"<p>Marco de pol\u00edticas de Protecci\u00f3n de Datos El objetivo de esta pol\u00edtica es establecer los lineamientos y directrices que INMOMARIUXI C.A., ha adoptado para garantizar el cumplimiento de la normativa de PROTECCI\u00d3N DE DATOS PERSONALES DEL ECUADOR, asegurando a los titulares de datos la confidencialidad, integridad y disponibilidad de sus datos personales. Para leer el &hellip; <\/p>\n<p class=\"link-more\"><a href=\"https:\/\/inmomariuxi.com\/?page_id=30\" class=\"more-link\">Leer m\u00e1s<span class=\"screen-reader-text\"> \u00abPol\u00edtica de Privacidad y Tratamiento de Datos Personales\u00bb<\/span><\/a><\/p>\n","protected":false},"author":1,"featured_media":0,"parent":0,"menu_order":0,"comment_status":"closed","ping_status":"closed","template":"","meta":{"inspiro_hide_title":false,"footnotes":""},"class_list":["post-30","page","type-page","status-publish","hentry"],"_links":{"self":[{"href":"https:\/\/inmomariuxi.com\/index.php?rest_route=\/wp\/v2\/pages\/30","targetHints":{"allow":["GET"]}}],"collection":[{"href":"https:\/\/inmomariuxi.com\/index.php?rest_route=\/wp\/v2\/pages"}],"about":[{"href":"https:\/\/inmomariuxi.com\/index.php?rest_route=\/wp\/v2\/types\/page"}],"author":[{"embeddable":true,"href":"https:\/\/inmomariuxi.com\/index.php?rest_route=\/wp\/v2\/users\/1"}],"replies":[{"embeddable":true,"href":"https:\/\/inmomariuxi.com\/index.php?rest_route=%2Fwp%2Fv2%2Fcomments&post=30"}],"version-history":[{"count":9,"href":"https:\/\/inmomariuxi.com\/index.php?rest_route=\/wp\/v2\/pages\/30\/revisions"}],"predecessor-version":[{"id":134,"href":"https:\/\/inmomariuxi.com\/index.php?rest_route=\/wp\/v2\/pages\/30\/revisions\/134"}],"wp:attachment":[{"href":"https:\/\/inmomariuxi.com\/index.php?rest_route=%2Fwp%2Fv2%2Fmedia&parent=30"}],"curies":[{"name":"wp","href":"https:\/\/api.w.org\/{rel}","templated":true}]}}