{"id":56,"date":"2024-09-11T18:03:17","date_gmt":"2024-09-11T18:03:17","guid":{"rendered":"https:\/\/inmomariuxi.com\/?page_id=56"},"modified":"2024-09-11T20:44:56","modified_gmt":"2024-09-11T20:44:56","slug":"inmomariuxi-c-a","status":"publish","type":"page","link":"https:\/\/inmomariuxi.com\/","title":{"rendered":"La Empresa"},"content":{"rendered":"\n<p><strong>INMOMARIUXI C.A, <\/strong>es una&nbsp; firma constituida en el a\u00f1o 1986 y est\u00e1 operando en la actividad de la construcci\u00f3n en la ciudad de Guayaquil.&nbsp;Se dedica a construcci\u00f3n de todo tipo de edificios residenciales:<\/p>\n\n\n\n<ul class=\"wp-block-list\">\n<li>Casas familiares individuales<\/li>\n\n\n\n<li>Edificios multifamiliares<\/li>\n\n\n\n<li>Edificios de alturas elevadas<\/li>\n\n\n\n<li>Viviendas para ancianatos<\/li>\n\n\n\n<li>Casas para beneficencia<\/li>\n\n\n\n<li>Orfanatos <\/li>\n\n\n\n<li>C\u00e1rceles <\/li>\n\n\n\n<li>Cuarteles<\/li>\n\n\n\n<li>Conventos<\/li>\n\n\n\n<li>Casas religiosas<\/li>\n\n\n\n<li>Remodelaci\u00f3n, renovaci\u00f3n o rehabilitaci\u00f3n de estructuras existentes<\/li>\n<\/ul>\n\n\n\n<p><\/p>\n","protected":false},"excerpt":{"rendered":"<p>INMOMARIUXI C.A, es una&nbsp; firma constituida en el a\u00f1o 1986 y est\u00e1 operando en la actividad de la construcci\u00f3n en la ciudad de Guayaquil.&nbsp;Se dedica a construcci\u00f3n de todo tipo de edificios residenciales:<\/p>\n","protected":false},"author":1,"featured_media":0,"parent":0,"menu_order":0,"comment_status":"closed","ping_status":"closed","template":"","meta":{"inspiro_hide_title":false,"footnotes":""},"class_list":["post-56","page","type-page","status-publish","hentry"],"_links":{"self":[{"href":"https:\/\/inmomariuxi.com\/index.php?rest_route=\/wp\/v2\/pages\/56","targetHints":{"allow":["GET"]}}],"collection":[{"href":"https:\/\/inmomariuxi.com\/index.php?rest_route=\/wp\/v2\/pages"}],"about":[{"href":"https:\/\/inmomariuxi.com\/index.php?rest_route=\/wp\/v2\/types\/page"}],"author":[{"embeddable":true,"href":"https:\/\/inmomariuxi.com\/index.php?rest_route=\/wp\/v2\/users\/1"}],"replies":[{"embeddable":true,"href":"https:\/\/inmomariuxi.com\/index.php?rest_route=%2Fwp%2Fv2%2Fcomments&post=56"}],"version-history":[{"count":3,"href":"https:\/\/inmomariuxi.com\/index.php?rest_route=\/wp\/v2\/pages\/56\/revisions"}],"predecessor-version":[{"id":124,"href":"https:\/\/inmomariuxi.com\/index.php?rest_route=\/wp\/v2\/pages\/56\/revisions\/124"}],"wp:attachment":[{"href":"https:\/\/inmomariuxi.com\/index.php?rest_route=%2Fwp%2Fv2%2Fmedia&parent=56"}],"curies":[{"name":"wp","href":"https:\/\/api.w.org\/{rel}","templated":true}]}}